{"id":543,"date":"2018-11-27T09:17:42","date_gmt":"2018-11-27T09:17:42","guid":{"rendered":"https:\/\/demo4.frederic-marchand.com\/admin4103\/projects\/"},"modified":"2024-07-10T13:05:54","modified_gmt":"2024-07-10T11:05:54","slug":"projects","status":"publish","type":"page","link":"https:\/\/demo4.frederic-marchand.com\/admin4103\/projects\/","title":{"rendered":"Projects"},"content":{"rendered":"\t\t<div data-elementor-type=\"wp-post\" data-elementor-id=\"543\" class=\"elementor elementor-543\">\n\t\t\t\t\t\t<section class=\"elementor-section elementor-top-section elementor-element elementor-element-7ac9ca5 elementor-section-boxed elementor-section-height-default elementor-section-height-default\" data-id=\"7ac9ca5\" data-element_type=\"section\" data-settings=\"{&quot;background_background&quot;:&quot;classic&quot;}\">\n\t\t\t\t\t\t\t<div class=\"elementor-background-overlay\"><\/div>\n\t\t\t\t\t\t\t<div class=\"elementor-container elementor-column-gap-default\">\n\t\t\t\t\t<div class=\"elementor-column elementor-col-100 elementor-top-column elementor-element elementor-element-90988fe\" data-id=\"90988fe\" data-element_type=\"column\">\n\t\t\t<div class=\"elementor-widget-wrap elementor-element-populated\">\n\t\t\t\t\t\t<div class=\"elementor-element elementor-element-4a1c612 elementor-widget elementor-widget-heading\" data-id=\"4a1c612\" data-element_type=\"widget\" data-widget_type=\"heading.default\">\n\t\t\t\t<div class=\"elementor-widget-container\">\n\t\t\t\t\t<h1 class=\"elementor-heading-title elementor-size-default\">notre gite<\/h1>\t\t\t\t<\/div>\n\t\t\t\t<\/div>\n\t\t\t\t\t<\/div>\n\t\t<\/div>\n\t\t\t\t\t<\/div>\n\t\t<\/section>\n\t\t\t\t<section class=\"elementor-section elementor-top-section elementor-element elementor-element-7e605b1 elementor-section-boxed elementor-section-height-default elementor-section-height-default\" data-id=\"7e605b1\" data-element_type=\"section\">\n\t\t\t\t\t\t<div class=\"elementor-container elementor-column-gap-default\">\n\t\t\t\t\t<div class=\"elementor-column elementor-col-16 elementor-top-column elementor-element elementor-element-d746d0a\" data-id=\"d746d0a\" data-element_type=\"column\">\n\t\t\t<div class=\"elementor-widget-wrap elementor-element-populated\">\n\t\t\t\t\t\t<div class=\"elementor-element elementor-element-7314210 elementor-widget elementor-widget-image\" data-id=\"7314210\" data-element_type=\"widget\" data-widget_type=\"image.default\">\n\t\t\t\t<div class=\"elementor-widget-container\">\n\t\t\t\t\t\t\t\t\t\t\t\t\t\t\t<img fetchpriority=\"high\" decoding=\"async\" width=\"853\" height=\"1024\" src=\"https:\/\/demo4.frederic-marchand.com\/admin4103\/wp-content\/uploads\/2023\/05\/photo-gite-chambre-salle-deau-1-853x1024.jpg\" class=\"attachment-large size-large wp-image-608\" alt=\"\" srcset=\"https:\/\/demo4.frederic-marchand.com\/admin4103\/wp-content\/uploads\/2023\/05\/photo-gite-chambre-salle-deau-1-853x1024.jpg 853w, https:\/\/demo4.frederic-marchand.com\/admin4103\/wp-content\/uploads\/2023\/05\/photo-gite-chambre-salle-deau-1-250x300.jpg 250w, https:\/\/demo4.frederic-marchand.com\/admin4103\/wp-content\/uploads\/2023\/05\/photo-gite-chambre-salle-deau-1-768x922.jpg 768w, https:\/\/demo4.frederic-marchand.com\/admin4103\/wp-content\/uploads\/2023\/05\/photo-gite-chambre-salle-deau-1-1279x1536.jpg 1279w, https:\/\/demo4.frederic-marchand.com\/admin4103\/wp-content\/uploads\/2023\/05\/photo-gite-chambre-salle-deau-1-1706x2048.jpg 1706w\" sizes=\"(max-width: 853px) 100vw, 853px\" \/>\t\t\t\t\t\t\t\t\t\t\t\t\t\t\t<\/div>\n\t\t\t\t<\/div>\n\t\t\t\t\t<\/div>\n\t\t<\/div>\n\t\t\t\t<div class=\"elementor-column elementor-col-16 elementor-top-column elementor-element elementor-element-71ff9a3\" data-id=\"71ff9a3\" data-element_type=\"column\">\n\t\t\t<div class=\"elementor-widget-wrap elementor-element-populated\">\n\t\t\t\t\t\t<div class=\"elementor-element elementor-element-fedd678 elementor-widget elementor-widget-image\" data-id=\"fedd678\" data-element_type=\"widget\" data-widget_type=\"image.default\">\n\t\t\t\t<div class=\"elementor-widget-container\">\n\t\t\t\t\t\t\t\t\t\t\t\t\t\t\t<img decoding=\"async\" width=\"1024\" height=\"684\" src=\"https:\/\/demo4.frederic-marchand.com\/admin4103\/wp-content\/uploads\/2023\/05\/photo-gite-chambre-1024x684.jpg\" class=\"attachment-large size-large wp-image-607\" alt=\"\" srcset=\"https:\/\/demo4.frederic-marchand.com\/admin4103\/wp-content\/uploads\/2023\/05\/photo-gite-chambre-1024x684.jpg 1024w, https:\/\/demo4.frederic-marchand.com\/admin4103\/wp-content\/uploads\/2023\/05\/photo-gite-chambre-300x200.jpg 300w, https:\/\/demo4.frederic-marchand.com\/admin4103\/wp-content\/uploads\/2023\/05\/photo-gite-chambre-768x513.jpg 768w, https:\/\/demo4.frederic-marchand.com\/admin4103\/wp-content\/uploads\/2023\/05\/photo-gite-chambre-1536x1025.jpg 1536w\" sizes=\"(max-width: 1024px) 100vw, 1024px\" \/>\t\t\t\t\t\t\t\t\t\t\t\t\t\t\t<\/div>\n\t\t\t\t<\/div>\n\t\t\t\t\t<\/div>\n\t\t<\/div>\n\t\t\t\t<div class=\"elementor-column elementor-col-16 elementor-top-column elementor-element elementor-element-cfb5faf\" data-id=\"cfb5faf\" data-element_type=\"column\">\n\t\t\t<div class=\"elementor-widget-wrap elementor-element-populated\">\n\t\t\t\t\t\t<div class=\"elementor-element elementor-element-db0a534 elementor-widget elementor-widget-image\" data-id=\"db0a534\" data-element_type=\"widget\" data-widget_type=\"image.default\">\n\t\t\t\t<div class=\"elementor-widget-container\">\n\t\t\t\t\t\t\t\t\t\t\t\t\t\t\t<img decoding=\"async\" width=\"1024\" height=\"683\" src=\"https:\/\/demo4.frederic-marchand.com\/admin4103\/wp-content\/uploads\/2023\/05\/photo-gite-salon-1024x683.jpg\" class=\"attachment-large size-large wp-image-605\" alt=\"\" srcset=\"https:\/\/demo4.frederic-marchand.com\/admin4103\/wp-content\/uploads\/2023\/05\/photo-gite-salon-1024x683.jpg 1024w, https:\/\/demo4.frederic-marchand.com\/admin4103\/wp-content\/uploads\/2023\/05\/photo-gite-salon-300x200.jpg 300w, https:\/\/demo4.frederic-marchand.com\/admin4103\/wp-content\/uploads\/2023\/05\/photo-gite-salon-768x513.jpg 768w, https:\/\/demo4.frederic-marchand.com\/admin4103\/wp-content\/uploads\/2023\/05\/photo-gite-salon-1536x1025.jpg 1536w\" sizes=\"(max-width: 1024px) 100vw, 1024px\" \/>\t\t\t\t\t\t\t\t\t\t\t\t\t\t\t<\/div>\n\t\t\t\t<\/div>\n\t\t\t\t\t<\/div>\n\t\t<\/div>\n\t\t\t\t<div class=\"elementor-column elementor-col-16 elementor-top-column elementor-element elementor-element-126f4bb\" data-id=\"126f4bb\" data-element_type=\"column\">\n\t\t\t<div class=\"elementor-widget-wrap elementor-element-populated\">\n\t\t\t\t\t\t<div class=\"elementor-element elementor-element-7e46da1 elementor-widget elementor-widget-image\" data-id=\"7e46da1\" data-element_type=\"widget\" data-widget_type=\"image.default\">\n\t\t\t\t<div class=\"elementor-widget-container\">\n\t\t\t\t\t\t\t\t\t\t\t\t\t\t\t<img loading=\"lazy\" decoding=\"async\" width=\"811\" height=\"1024\" src=\"https:\/\/demo4.frederic-marchand.com\/admin4103\/wp-content\/uploads\/2023\/05\/photo-gite-salle-deau-811x1024.jpg\" class=\"attachment-large size-large wp-image-604\" alt=\"\" srcset=\"https:\/\/demo4.frederic-marchand.com\/admin4103\/wp-content\/uploads\/2023\/05\/photo-gite-salle-deau-811x1024.jpg 811w, https:\/\/demo4.frederic-marchand.com\/admin4103\/wp-content\/uploads\/2023\/05\/photo-gite-salle-deau-238x300.jpg 238w, https:\/\/demo4.frederic-marchand.com\/admin4103\/wp-content\/uploads\/2023\/05\/photo-gite-salle-deau-768x970.jpg 768w, https:\/\/demo4.frederic-marchand.com\/admin4103\/wp-content\/uploads\/2023\/05\/photo-gite-salle-deau-1216x1536.jpg 1216w, https:\/\/demo4.frederic-marchand.com\/admin4103\/wp-content\/uploads\/2023\/05\/photo-gite-salle-deau-scaled.jpg 2027w\" sizes=\"(max-width: 811px) 100vw, 811px\" \/>\t\t\t\t\t\t\t\t\t\t\t\t\t\t\t<\/div>\n\t\t\t\t<\/div>\n\t\t\t\t\t<\/div>\n\t\t<\/div>\n\t\t\t\t<div class=\"elementor-column elementor-col-16 elementor-top-column elementor-element elementor-element-2dd714e\" data-id=\"2dd714e\" data-element_type=\"column\">\n\t\t\t<div class=\"elementor-widget-wrap elementor-element-populated\">\n\t\t\t\t\t\t<div class=\"elementor-element elementor-element-258a471 elementor-widget elementor-widget-image\" data-id=\"258a471\" data-element_type=\"widget\" data-widget_type=\"image.default\">\n\t\t\t\t<div class=\"elementor-widget-container\">\n\t\t\t\t\t\t\t\t\t\t\t\t\t\t\t<img loading=\"lazy\" decoding=\"async\" width=\"1024\" height=\"981\" src=\"https:\/\/demo4.frederic-marchand.com\/admin4103\/wp-content\/uploads\/2023\/05\/photo-gite-salle-deau-marbre-1024x981.jpg\" class=\"attachment-large size-large wp-image-603\" alt=\"\" srcset=\"https:\/\/demo4.frederic-marchand.com\/admin4103\/wp-content\/uploads\/2023\/05\/photo-gite-salle-deau-marbre-1024x981.jpg 1024w, https:\/\/demo4.frederic-marchand.com\/admin4103\/wp-content\/uploads\/2023\/05\/photo-gite-salle-deau-marbre-300x287.jpg 300w, https:\/\/demo4.frederic-marchand.com\/admin4103\/wp-content\/uploads\/2023\/05\/photo-gite-salle-deau-marbre-768x736.jpg 768w, https:\/\/demo4.frederic-marchand.com\/admin4103\/wp-content\/uploads\/2023\/05\/photo-gite-salle-deau-marbre-1536x1472.jpg 1536w, https:\/\/demo4.frederic-marchand.com\/admin4103\/wp-content\/uploads\/2023\/05\/photo-gite-salle-deau-marbre-2048x1962.jpg 2048w\" sizes=\"(max-width: 1024px) 100vw, 1024px\" \/>\t\t\t\t\t\t\t\t\t\t\t\t\t\t\t<\/div>\n\t\t\t\t<\/div>\n\t\t\t\t\t<\/div>\n\t\t<\/div>\n\t\t\t\t<div class=\"elementor-column elementor-col-16 elementor-top-column elementor-element elementor-element-9a0f9f6\" data-id=\"9a0f9f6\" data-element_type=\"column\">\n\t\t\t<div class=\"elementor-widget-wrap elementor-element-populated\">\n\t\t\t\t\t\t<div class=\"elementor-element elementor-element-990fa94 elementor-widget elementor-widget-image\" data-id=\"990fa94\" data-element_type=\"widget\" data-widget_type=\"image.default\">\n\t\t\t\t<div class=\"elementor-widget-container\">\n\t\t\t\t\t\t\t\t\t\t\t\t\t\t\t<img loading=\"lazy\" decoding=\"async\" width=\"1024\" height=\"683\" src=\"https:\/\/demo4.frederic-marchand.com\/admin4103\/wp-content\/uploads\/2023\/04\/photo-gite-maison-neige-1024x683.jpg\" class=\"attachment-large size-large wp-image-559\" alt=\"\" srcset=\"https:\/\/demo4.frederic-marchand.com\/admin4103\/wp-content\/uploads\/2023\/04\/photo-gite-maison-neige-1024x683.jpg 1024w, https:\/\/demo4.frederic-marchand.com\/admin4103\/wp-content\/uploads\/2023\/04\/photo-gite-maison-neige-300x200.jpg 300w, https:\/\/demo4.frederic-marchand.com\/admin4103\/wp-content\/uploads\/2023\/04\/photo-gite-maison-neige-768x512.jpg 768w, https:\/\/demo4.frederic-marchand.com\/admin4103\/wp-content\/uploads\/2023\/04\/photo-gite-maison-neige-1536x1025.jpg 1536w, https:\/\/demo4.frederic-marchand.com\/admin4103\/wp-content\/uploads\/2023\/04\/photo-gite-maison-neige-2048x1367.jpg 2048w\" sizes=\"(max-width: 1024px) 100vw, 1024px\" \/>\t\t\t\t\t\t\t\t\t\t\t\t\t\t\t<\/div>\n\t\t\t\t<\/div>\n\t\t\t\t\t<\/div>\n\t\t<\/div>\n\t\t\t\t\t<\/div>\n\t\t<\/section>\n\t\t\t\t<section class=\"elementor-section elementor-top-section elementor-element elementor-element-8262e30 elementor-section-content-middle elementor-section-boxed elementor-section-height-default elementor-section-height-default\" data-id=\"8262e30\" data-element_type=\"section\">\n\t\t\t\t\t\t\t<div class=\"elementor-background-overlay\"><\/div>\n\t\t\t\t\t\t\t<div class=\"elementor-container elementor-column-gap-no\">\n\t\t\t\t\t<div class=\"elementor-column elementor-col-100 elementor-top-column elementor-element elementor-element-81d2334\" data-id=\"81d2334\" data-element_type=\"column\">\n\t\t\t<div class=\"elementor-widget-wrap elementor-element-populated\">\n\t\t\t\t\t\t<div class=\"elementor-element elementor-element-ee2bb83 elementor-widget elementor-widget-text-editor\" data-id=\"ee2bb83\" data-element_type=\"widget\" data-widget_type=\"text-editor.default\">\n\t\t\t\t<div class=\"elementor-widget-container\">\n\t\t\t\t\t\t\t\t\t<p>\u00ab\u00a0Bienvenue dans notre charmant g\u00eete, un v\u00e9ritable havre de paix nich\u00e9 au c\u0153ur d&rsquo;un paysage pittoresque. Nous sommes ravis de vous pr\u00e9senter les prestations que nous offrons pour rendre votre s\u00e9jour aussi agr\u00e9able que possible.<\/p><p>Tout d&rsquo;abord, notre g\u00eete spacieux et confortable peut accueillir jusqu&rsquo;\u00e0 8 personnes. Il est parfaitement \u00e9quip\u00e9 pour r\u00e9pondre \u00e0 tous vos besoins. La cuisine est enti\u00e8rement \u00e9quip\u00e9e avec des appareils modernes, permettant aux amateurs de cuisine de pr\u00e9parer de d\u00e9licieux repas. Vous pourrez \u00e9galement profiter d&rsquo;un espace salle \u00e0 manger o\u00f9 vous pourrez savourer vos repas en famille ou entre amis.<\/p><p>Notre salon chaleureux est l&rsquo;endroit id\u00e9al pour vous d\u00e9tendre apr\u00e8s une journ\u00e9e d&rsquo;exploration. Vous y trouverez une t\u00e9l\u00e9vision \u00e0 \u00e9cran plat avec cha\u00eenes c\u00e2bl\u00e9es, ainsi qu&rsquo;une s\u00e9lection de jeux de soci\u00e9t\u00e9 pour divertir petits et grands. De plus, la connexion Wi-Fi haut d\u00e9bit est disponible dans tout le g\u00eete, vous permettant de rester connect\u00e9 en tout temps.<\/p><p>Pour vous assurer des nuits paisibles, nos chambres sont am\u00e9nag\u00e9es avec soin. Des draps propres et des oreillers confortables vous attendent, garantissant un repos r\u00e9parateur. Des serviettes de bain sont \u00e9galement fournies, all\u00e9geant ainsi vos bagages.<\/p><p>\u00c0 l&rsquo;ext\u00e9rieur, vous trouverez un vaste jardin magnifiquement entretenu. Vous pourrez profiter de la tranquillit\u00e9 de la nature tout en d\u00e9gustant un caf\u00e9 sur la terrasse ou en organisant un barbecue convivial. Les enfants auront \u00e9galement leur propre espace de jeu avec balan\u00e7oires et toboggans.<\/p><p>Nous comprenons que certains voyageurs souhaitent rester actifs pendant leurs vacances. C&rsquo;est pourquoi nous mettons \u00e0 votre disposition des v\u00e9los pour explorer les environs pittoresques. De plus, de nombreuses activit\u00e9s telles que la randonn\u00e9e, le ski alpin\u00a0 et la p\u00eache sont disponibles \u00e0 proximit\u00e9, vous offrant une multitude d&rsquo;options pour profiter de la nature environnante.<\/p><p>Enfin, notre \u00e9quipe d\u00e9vou\u00e9e se fera un plaisir de vous aider tout au long de votre s\u00e9jour. Que ce soit pour vous fournir des informations sur les attractions locales, r\u00e9server des activit\u00e9s ou r\u00e9pondre \u00e0 vos demandes sp\u00e9cifiques, nous sommes l\u00e0 pour rendre votre exp\u00e9rience inoubliable.<\/p><p>Nous esp\u00e9rons que ces prestations vous ont convaincu de choisir notre g\u00eete pour votre prochaine escapade. Nous attendons votre r\u00e9servation avec impatience et nous sommes certains que vous passerez des moments merveilleux dans notre g\u00eete confortable et accueillant<\/p>\t\t\t\t\t\t\t\t<\/div>\n\t\t\t\t<\/div>\n\t\t\t\t\t<\/div>\n\t\t<\/div>\n\t\t\t\t\t<\/div>\n\t\t<\/section>\n\t\t\t\t<section class=\"elementor-section elementor-top-section elementor-element elementor-element-06ec2ac elementor-section-boxed elementor-section-height-default elementor-section-height-default\" data-id=\"06ec2ac\" data-element_type=\"section\">\n\t\t\t\t\t\t<div class=\"elementor-container elementor-column-gap-default\">\n\t\t\t\t\t<div class=\"elementor-column elementor-col-100 elementor-top-column elementor-element elementor-element-ab5ae52\" data-id=\"ab5ae52\" data-element_type=\"column\">\n\t\t\t<div class=\"elementor-widget-wrap elementor-element-populated\">\n\t\t\t\t\t\t<div class=\"elementor-element elementor-element-d67055c elementor-align-center elementor-widget elementor-widget-button\" data-id=\"d67055c\" data-element_type=\"widget\" data-widget_type=\"button.default\">\n\t\t\t\t<div class=\"elementor-widget-container\">\n\t\t\t\t\t\t\t\t\t<div class=\"elementor-button-wrapper\">\n\t\t\t\t\t<a class=\"elementor-button elementor-button-link elementor-size-sm\" href=\"https:\/\/demo4.frederic-marchand.com\/admin4103\/contact\/\">\n\t\t\t\t\t\t<span class=\"elementor-button-content-wrapper\">\n\t\t\t\t\t\t\t\t\t<span class=\"elementor-button-text\">RESERVEz ici<\/span>\n\t\t\t\t\t<\/span>\n\t\t\t\t\t<\/a>\n\t\t\t\t<\/div>\n\t\t\t\t\t\t\t\t<\/div>\n\t\t\t\t<\/div>\n\t\t\t\t\t<\/div>\n\t\t<\/div>\n\t\t\t\t\t<\/div>\n\t\t<\/section>\n\t\t\t\t<section class=\"elementor-section elementor-top-section elementor-element elementor-element-87bd9b1 elementor-section-content-middle elementor-section-boxed elementor-section-height-default elementor-section-height-default\" data-id=\"87bd9b1\" data-element_type=\"section\">\n\t\t\t\t\t\t\t<div class=\"elementor-background-overlay\"><\/div>\n\t\t\t\t\t\t\t<div class=\"elementor-container elementor-column-gap-no\">\n\t\t\t\t\t<div class=\"elementor-column elementor-col-100 elementor-top-column elementor-element elementor-element-59d9374\" data-id=\"59d9374\" data-element_type=\"column\">\n\t\t\t<div class=\"elementor-widget-wrap elementor-element-populated\">\n\t\t\t\t\t\t<div class=\"elementor-element elementor-element-6fecb3a elementor-pagination-position-outside elementor-widget elementor-widget-image-carousel\" data-id=\"6fecb3a\" data-element_type=\"widget\" data-settings=\"{&quot;slides_to_show&quot;:&quot;3&quot;,&quot;slides_to_scroll&quot;:&quot;1&quot;,&quot;navigation&quot;:&quot;dots&quot;,&quot;slides_to_show_tablet&quot;:&quot;2&quot;,&quot;slides_to_show_mobile&quot;:&quot;1&quot;,&quot;autoplay&quot;:&quot;no&quot;,&quot;infinite&quot;:&quot;yes&quot;,&quot;speed&quot;:500,&quot;image_spacing_custom&quot;:{&quot;unit&quot;:&quot;px&quot;,&quot;size&quot;:20,&quot;sizes&quot;:[]},&quot;image_spacing_custom_tablet&quot;:{&quot;unit&quot;:&quot;px&quot;,&quot;size&quot;:&quot;&quot;,&quot;sizes&quot;:[]}}\" data-widget_type=\"image-carousel.default\">\n\t\t\t\t<div class=\"elementor-widget-container\">\n\t\t\t\t\t\t\t<div class=\"elementor-image-carousel-wrapper swiper\" role=\"region\" aria-roledescription=\"carousel\" aria-label=\"Carrousel d\u2019images\" dir=\"ltr\">\n\t\t\t<div class=\"elementor-image-carousel swiper-wrapper swiper-image-stretch\" aria-live=\"polite\">\n\t\t\t\t\t\t\t\t<div class=\"swiper-slide\" role=\"group\" aria-roledescription=\"slide\" aria-label=\"1 sur 5\"><figure class=\"swiper-slide-inner\"><img decoding=\"async\" class=\"swiper-slide-image\" src=\"https:\/\/demo4.frederic-marchand.com\/admin4103\/wp-content\/uploads\/elementor\/thumbs\/photo-gite-chambre-scaled-q5xxumkp5ws7c88le9nu4y78kdynerx91lxtv4z66w.jpg\" alt=\"photo gite chambre\" \/><\/figure><\/div><div class=\"swiper-slide\" role=\"group\" aria-roledescription=\"slide\" aria-label=\"2 sur 5\"><figure class=\"swiper-slide-inner\"><img decoding=\"async\" class=\"swiper-slide-image\" src=\"https:\/\/demo4.frederic-marchand.com\/admin4103\/wp-content\/uploads\/elementor\/thumbs\/photo-gite-chambre-salle-deau-scaled-q5xxtx721dtgmr9gigowrmlsizfqmy4hy4bpwo0suw.jpg\" alt=\"photo gite chambre salle d&#039;eau\" \/><\/figure><\/div><div class=\"swiper-slide\" role=\"group\" aria-roledescription=\"slide\" aria-label=\"3 sur 5\"><figure class=\"swiper-slide-inner\"><img decoding=\"async\" class=\"swiper-slide-image\" src=\"https:\/\/demo4.frederic-marchand.com\/admin4103\/wp-content\/uploads\/elementor\/thumbs\/photo-gite-salle-deau-scaled-q5xxrzmzzn68rm2hsmmin45okgyktcgd0k1se6vxnc.jpg\" alt=\"photo gite salle d&#039;eau\" \/><\/figure><\/div><div class=\"swiper-slide\" role=\"group\" aria-roledescription=\"slide\" aria-label=\"4 sur 5\"><figure class=\"swiper-slide-inner\"><img decoding=\"async\" class=\"swiper-slide-image\" src=\"https:\/\/demo4.frederic-marchand.com\/admin4103\/wp-content\/uploads\/elementor\/thumbs\/photo-gite-salle-deau-marbre-scaled-q5xxr8dohg4xex637suc4t1bcaoxm4g58t4ph60cns.jpg\" alt=\"photo gite salle d&#039;eau marbre\" \/><\/figure><\/div><div class=\"swiper-slide\" role=\"group\" aria-roledescription=\"slide\" aria-label=\"5 sur 5\"><figure class=\"swiper-slide-inner\"><img decoding=\"async\" class=\"swiper-slide-image\" src=\"https:\/\/demo4.frederic-marchand.com\/admin4103\/wp-content\/uploads\/elementor\/thumbs\/photo-gite-salon-scaled-q5xxsqwbhu7k4aywdgep5fa1sn880kgksayvb7rimw.jpg\" alt=\"photo gite salon\" \/><\/figure><\/div>\t\t\t<\/div>\n\t\t\t\t\t\t\t\n\t\t\t\t\t\t\t\t\t<div class=\"swiper-pagination\"><\/div>\n\t\t\t\t\t\t\t\t\t<\/div>\n\t\t\t\t\t\t<\/div>\n\t\t\t\t<\/div>\n\t\t\t\t\t<\/div>\n\t\t<\/div>\n\t\t\t\t\t<\/div>\n\t\t<\/section>\n\t\t\t\t<\/div>\n\t\t","protected":false},"excerpt":{"rendered":"<p>notre gite \u00ab\u00a0Bienvenue dans notre charmant g\u00eete, un v\u00e9ritable havre de paix nich\u00e9 au c\u0153ur d&rsquo;un paysage pittoresque. Nous sommes ravis de vous pr\u00e9senter les prestations que nous offrons pour rendre votre s\u00e9jour aussi agr\u00e9able que possible. Tout d&rsquo;abord, notre g\u00eete spacieux et confortable peut accueillir jusqu&rsquo;\u00e0 8 personnes. Il est parfaitement \u00e9quip\u00e9 pour r\u00e9pondre [&hellip;]<\/p>\n","protected":false},"author":1,"featured_media":0,"parent":0,"menu_order":0,"comment_status":"closed","ping_status":"closed","template":"","meta":{"site-sidebar-layout":"no-sidebar","site-content-layout":"page-builder","ast-site-content-layout":"","site-content-style":"default","site-sidebar-style":"default","ast-global-header-display":"","ast-banner-title-visibility":"","ast-main-header-display":"","ast-hfb-above-header-display":"","ast-hfb-below-header-display":"","ast-hfb-mobile-header-display":"","site-post-title":"disabled","ast-breadcrumbs-content":"","ast-featured-img":"disabled","footer-sml-layout":"","theme-transparent-header-meta":"enabled","adv-header-id-meta":"","stick-header-meta":"","header-above-stick-meta":"","header-main-stick-meta":"","header-below-stick-meta":"","astra-migrate-meta-layouts":"default","ast-page-background-enabled":"default","ast-page-background-meta":{"desktop":{"background-color":"","background-image":"","background-repeat":"repeat","background-position":"center center","background-size":"auto","background-attachment":"scroll","background-type":"","background-media":"","overlay-type":"","overlay-color":"","overlay-opacity":"","overlay-gradient":""},"tablet":{"background-color":"","background-image":"","background-repeat":"repeat","background-position":"center center","background-size":"auto","background-attachment":"scroll","background-type":"","background-media":"","overlay-type":"","overlay-color":"","overlay-opacity":"","overlay-gradient":""},"mobile":{"background-color":"","background-image":"","background-repeat":"repeat","background-position":"center center","background-size":"auto","background-attachment":"scroll","background-type":"","background-media":"","overlay-type":"","overlay-color":"","overlay-opacity":"","overlay-gradient":""}},"ast-content-background-meta":{"desktop":{"background-color":"var(--ast-global-color-5)","background-image":"","background-repeat":"repeat","background-position":"center center","background-size":"auto","background-attachment":"scroll","background-type":"","background-media":"","overlay-type":"","overlay-color":"","overlay-opacity":"","overlay-gradient":""},"tablet":{"background-color":"var(--ast-global-color-5)","background-image":"","background-repeat":"repeat","background-position":"center center","background-size":"auto","background-attachment":"scroll","background-type":"","background-media":"","overlay-type":"","overlay-color":"","overlay-opacity":"","overlay-gradient":""},"mobile":{"background-color":"var(--ast-global-color-5)","background-image":"","background-repeat":"repeat","background-position":"center center","background-size":"auto","background-attachment":"scroll","background-type":"","background-media":"","overlay-type":"","overlay-color":"","overlay-opacity":"","overlay-gradient":""}},"footnotes":""},"class_list":["post-543","page","type-page","status-publish","hentry"],"_links":{"self":[{"href":"https:\/\/demo4.frederic-marchand.com\/admin4103\/wp-json\/wp\/v2\/pages\/543","targetHints":{"allow":["GET"]}}],"collection":[{"href":"https:\/\/demo4.frederic-marchand.com\/admin4103\/wp-json\/wp\/v2\/pages"}],"about":[{"href":"https:\/\/demo4.frederic-marchand.com\/admin4103\/wp-json\/wp\/v2\/types\/page"}],"author":[{"embeddable":true,"href":"https:\/\/demo4.frederic-marchand.com\/admin4103\/wp-json\/wp\/v2\/users\/1"}],"replies":[{"embeddable":true,"href":"https:\/\/demo4.frederic-marchand.com\/admin4103\/wp-json\/wp\/v2\/comments?post=543"}],"version-history":[{"count":12,"href":"https:\/\/demo4.frederic-marchand.com\/admin4103\/wp-json\/wp\/v2\/pages\/543\/revisions"}],"predecessor-version":[{"id":652,"href":"https:\/\/demo4.frederic-marchand.com\/admin4103\/wp-json\/wp\/v2\/pages\/543\/revisions\/652"}],"wp:attachment":[{"href":"https:\/\/demo4.frederic-marchand.com\/admin4103\/wp-json\/wp\/v2\/media?parent=543"}],"curies":[{"name":"wp","href":"https:\/\/api.w.org\/{rel}","templated":true}]}}