{"id":541,"date":"2018-11-27T09:17:08","date_gmt":"2018-11-27T09:17:08","guid":{"rendered":"https:\/\/demo4.frederic-marchand.com\/admin4103\/about\/"},"modified":"2024-07-10T17:06:10","modified_gmt":"2024-07-10T15:06:10","slug":"about","status":"publish","type":"page","link":"https:\/\/demo4.frederic-marchand.com\/admin4103\/about\/","title":{"rendered":"a propos"},"content":{"rendered":"\t\t<div data-elementor-type=\"wp-post\" data-elementor-id=\"541\" class=\"elementor elementor-541\">\n\t\t\t\t\t\t<section class=\"elementor-section elementor-top-section elementor-element elementor-element-d7d8b56 elementor-section-boxed elementor-section-height-default elementor-section-height-default\" data-id=\"d7d8b56\" data-element_type=\"section\" data-settings=\"{&quot;background_background&quot;:&quot;classic&quot;}\">\n\t\t\t\t\t\t\t<div class=\"elementor-background-overlay\"><\/div>\n\t\t\t\t\t\t\t<div class=\"elementor-container elementor-column-gap-default\">\n\t\t\t\t\t<div class=\"elementor-column elementor-col-100 elementor-top-column elementor-element elementor-element-fd69444\" data-id=\"fd69444\" data-element_type=\"column\">\n\t\t\t<div class=\"elementor-widget-wrap elementor-element-populated\">\n\t\t\t\t\t\t<div class=\"elementor-element elementor-element-abcc2f2 elementor-widget elementor-widget-heading\" data-id=\"abcc2f2\" data-element_type=\"widget\" data-widget_type=\"heading.default\">\n\t\t\t\t<div class=\"elementor-widget-container\">\n\t\t\t\t\t<h1 class=\"elementor-heading-title elementor-size-default\">Qui sommes nous<\/h1>\t\t\t\t<\/div>\n\t\t\t\t<\/div>\n\t\t\t\t\t<\/div>\n\t\t<\/div>\n\t\t\t\t\t<\/div>\n\t\t<\/section>\n\t\t\t\t<section class=\"elementor-section elementor-top-section elementor-element elementor-element-5c40d7b elementor-section-boxed elementor-section-height-default elementor-section-height-default\" data-id=\"5c40d7b\" data-element_type=\"section\">\n\t\t\t\t\t\t<div class=\"elementor-container elementor-column-gap-default\">\n\t\t\t\t\t<div class=\"elementor-column elementor-col-50 elementor-top-column elementor-element elementor-element-2ebbf9c\" data-id=\"2ebbf9c\" data-element_type=\"column\">\n\t\t\t<div class=\"elementor-widget-wrap elementor-element-populated\">\n\t\t\t\t\t\t<div class=\"elementor-element elementor-element-fe195c7 elementor-widget elementor-widget-heading\" data-id=\"fe195c7\" data-element_type=\"widget\" data-widget_type=\"heading.default\">\n\t\t\t\t<div class=\"elementor-widget-container\">\n\t\t\t\t\t<h2 class=\"elementor-heading-title elementor-size-default\">Bienvenue au G\u00eete La vall\u00e9e enneige\u00e9<\/h2>\t\t\t\t<\/div>\n\t\t\t\t<\/div>\n\t\t\t\t<div class=\"elementor-element elementor-element-dc051dd elementor-widget-divider--view-line elementor-widget elementor-widget-divider\" data-id=\"dc051dd\" data-element_type=\"widget\" data-widget_type=\"divider.default\">\n\t\t\t\t<div class=\"elementor-widget-container\">\n\t\t\t\t\t\t\t<div class=\"elementor-divider\">\n\t\t\t<span class=\"elementor-divider-separator\">\n\t\t\t\t\t\t<\/span>\n\t\t<\/div>\n\t\t\t\t\t\t<\/div>\n\t\t\t\t<\/div>\n\t\t\t\t<div class=\"elementor-element elementor-element-e5f497e elementor-widget elementor-widget-text-editor\" data-id=\"e5f497e\" data-element_type=\"widget\" data-widget_type=\"text-editor.default\">\n\t\t\t\t<div class=\"elementor-widget-container\">\n\t\t\t\t\t\t\t\t\t<p>Nich\u00e9 au c\u0153ur des majestueuses montagnes, le G\u00eete La Vall\u00e9e enneig\u00e9e vous offre une retraite paisible et revitalisante au milieu d&rsquo;une nature \u00e9poustouflante. Depuis notre ouverture en 2018, nous nous sommes engag\u00e9s \u00e0 offrir \u00e0 nos h\u00f4tes une exp\u00e9rience de s\u00e9jour inoubliable, o\u00f9 le confort, la convivialit\u00e9 et l&rsquo;harmonie avec la nature se rencontrent.<\/p>\t\t\t\t\t\t\t\t<\/div>\n\t\t\t\t<\/div>\n\t\t\t\t<div class=\"elementor-element elementor-element-5dcd18a elementor-widget elementor-widget-text-editor\" data-id=\"5dcd18a\" data-element_type=\"widget\" data-widget_type=\"text-editor.default\">\n\t\t\t\t<div class=\"elementor-widget-container\">\n\t\t\t\t\t\t\t\t\t<p>Notre g\u00eete est impr\u00e9gn\u00e9 d&rsquo;une ambiance chaleureuse et authentique, refl\u00e9tant le charme rustique des montagnes. Chaque chambre est d\u00e9cor\u00e9e avec soin pour cr\u00e9er une atmosph\u00e8re accueillante, propice \u00e0 la d\u00e9tente apr\u00e8s une journ\u00e9e riche en d\u00e9couvertes.<\/p>\t\t\t\t\t\t\t\t<\/div>\n\t\t\t\t<\/div>\n\t\t\t\t\t<\/div>\n\t\t<\/div>\n\t\t\t\t<div class=\"elementor-column elementor-col-50 elementor-top-column elementor-element elementor-element-e5fdae0\" data-id=\"e5fdae0\" data-element_type=\"column\">\n\t\t\t<div class=\"elementor-widget-wrap elementor-element-populated\">\n\t\t\t\t\t\t<div class=\"elementor-element elementor-element-96b5b53 elementor-widget elementor-widget-image\" data-id=\"96b5b53\" data-element_type=\"widget\" data-widget_type=\"image.default\">\n\t\t\t\t<div class=\"elementor-widget-container\">\n\t\t\t\t\t\t\t\t\t\t\t\t\t\t\t<img fetchpriority=\"high\" decoding=\"async\" width=\"800\" height=\"534\" src=\"https:\/\/demo4.frederic-marchand.com\/admin4103\/wp-content\/uploads\/2021\/02\/outdoor-image-02.jpg\" class=\"attachment-full size-full wp-image-527\" alt=\"\" srcset=\"https:\/\/demo4.frederic-marchand.com\/admin4103\/wp-content\/uploads\/2021\/02\/outdoor-image-02.jpg 800w, https:\/\/demo4.frederic-marchand.com\/admin4103\/wp-content\/uploads\/2021\/02\/outdoor-image-02-300x200.jpg 300w, https:\/\/demo4.frederic-marchand.com\/admin4103\/wp-content\/uploads\/2021\/02\/outdoor-image-02-768x513.jpg 768w\" sizes=\"(max-width: 800px) 100vw, 800px\" \/>\t\t\t\t\t\t\t\t\t\t\t\t\t\t\t<\/div>\n\t\t\t\t<\/div>\n\t\t\t\t\t<\/div>\n\t\t<\/div>\n\t\t\t\t\t<\/div>\n\t\t<\/section>\n\t\t\t\t<section class=\"elementor-section elementor-top-section elementor-element elementor-element-c49a5cc elementor-section-boxed elementor-section-height-default elementor-section-height-default\" data-id=\"c49a5cc\" data-element_type=\"section\">\n\t\t\t\t\t\t<div class=\"elementor-container elementor-column-gap-default\">\n\t\t\t\t\t<div class=\"elementor-column elementor-col-100 elementor-top-column elementor-element elementor-element-2a20d07\" data-id=\"2a20d07\" data-element_type=\"column\">\n\t\t\t<div class=\"elementor-widget-wrap elementor-element-populated\">\n\t\t\t\t\t\t<div class=\"elementor-element elementor-element-5bbe0a1 elementor-widget elementor-widget-text-editor\" data-id=\"5bbe0a1\" data-element_type=\"widget\" data-widget_type=\"text-editor.default\">\n\t\t\t\t<div class=\"elementor-widget-container\">\n\t\t\t\t\t\t\t\t\t<div class=\"flex-1 overflow-hidden\"><div class=\"react-scroll-to-bottom--css-jywgx-79elbk h-full dark:bg-gray-800\"><div class=\"react-scroll-to-bottom--css-jywgx-1n7m0yu\"><div class=\"flex flex-col text-sm dark:bg-gray-800\"><div class=\"group w-full text-gray-800 dark:text-gray-100 border-b border-black\/10 dark:border-gray-900\/50 bg-gray-50 dark:bg-[#444654]\"><div class=\"flex p-4 gap-4 text-base md:gap-6 md:max-w-2xl lg:max-w-[38rem] xl:max-w-3xl md:py-6 lg:px-0 m-auto\"><div class=\"relative flex w-[calc(100%-50px)] flex-col gap-1 md:gap-3 lg:w-[calc(100%-115px)]\"><div class=\"flex flex-grow flex-col gap-3\"><div class=\"min-h-[20px] flex items-start overflow-x-auto whitespace-pre-wrap break-words\"><div class=\"markdown prose w-full break-words dark:prose-invert light\"><p>Que vous soyez un passionn\u00e9 de sports de montagne, un amoureux de la nature ou simplement en qu\u00eate de calme et de ressourcement, notre emplacement exceptionnel saura combler toutes vos attentes. Depuis notre terrasse panoramique, vous pourrez contempler les sommets enneig\u00e9s, les for\u00eats verdoyantes et les paysages \u00e0 couper le souffle, offrant ainsi un cadre id\u00e9al pour les randonneurs, les skieurs, et les amoureux de la photographie.<\/p><p>Notre \u00e9quipe d\u00e9vou\u00e9e est \u00e0 votre disposition pour rendre votre s\u00e9jour inoubliable. Nous sommes fiers de vous proposer un accueil chaleureux et personnalis\u00e9, ainsi que des conseils avis\u00e9s sur les activit\u00e9s et les tr\u00e9sors cach\u00e9s de la r\u00e9gion. Que ce soit pour vous recommander les meilleures pistes de randonn\u00e9e, les restaurants locaux ou les sites touristiques \u00e0 ne pas manquer, nous sommes l\u00e0 pour vous guider et faire de votre s\u00e9jour un moment m\u00e9morable.<\/p><p>Au G\u00eete La Vall\u00e9e enneig\u00e9e, nous valorisons le respect de l&rsquo;environnement et la durabilit\u00e9. Nous nous effor\u00e7ons de minimiser notre impact sur la nature en adoptant des pratiques \u00e9co-responsables, comme le recyclage, la gestion raisonn\u00e9e de l&rsquo;eau et de l&rsquo;\u00e9nergie. Nous sommes convaincus que la pr\u00e9servation de ce cadre naturel unique est essentielle pour les g\u00e9n\u00e9rations futures, et nous nous engageons \u00e0 y contribuer activement.<\/p><p>Lors de votre s\u00e9jour, vous pourrez profiter de notre espace d\u00e9tente avec sauna, id\u00e9al pour vous relaxer apr\u00e8s une journ\u00e9e d&rsquo;aventures en montagne. Et pour commencer la journ\u00e9e du bon pied, un d\u00e9licieux petit-d\u00e9jeuner compos\u00e9 de produits locaux et faits maison vous sera propos\u00e9.<\/p><p>Au G\u00eete La Vall\u00e9e enneig\u00e9e, nous sommes impatients de vous accueillir dans notre havre de paix au c\u0153ur des montagnes. Que vous veniez en famille, en couple ou en groupe d&rsquo;amis, nous ferons de notre mieux pour que votre s\u00e9jour soit un moment d&rsquo;exception, rempli de souvenirs inoubliables.<\/p><p>Venez vous ressourcer, explorer et vous \u00e9merveiller au G\u00eete La Vall\u00e9e enneig\u00e9e.<\/p><\/div><\/div><\/div><div class=\"flex justify-between lg:block\"><div class=\"text-gray-400 flex self-end lg:self-center justify-center mt-2 gap-2 md:gap-3 lg:gap-1 lg:absolute lg:top-0 lg:translate-x-full lg:right-0 lg:mt-0 lg:pl-2 visible\"><p>\u00a0<\/p><div class=\"flex gap-1\">\u00a0<\/div><\/div><\/div><\/div><\/div><\/div><div class=\"h-32 md:h-48 flex-shrink-0\">\u00a0<\/div><\/div><\/div><\/div><\/div><div class=\"absolute bottom-0 left-0 w-full border-t md:border-t-0 dark:border-white\/20 md:border-transparent md:dark:border-transparent md:bg-vert-light-gradient bg-white dark:bg-gray-800 md:!bg-transparent dark:md:bg-vert-dark-gradient pt-2 md:pl-2 md:w-[calc(100%-.5rem)]\"><form class=\"stretch mx-2 flex flex-row gap-3 last:mb-2 md:mx-4 md:last:mb-6 lg:mx-auto lg:max-w-2xl xl:max-w-3xl\"><div class=\"relative flex h-full flex-1 items-stretch md:flex-col\" role=\"presentation\"><div><div class=\"h-full flex ml-1 md:w-full md:m-auto md:mb-4 gap-0 md:gap-2 justify-center\">\u00a0<\/div><\/div><\/div><\/form><\/div>\t\t\t\t\t\t\t\t<\/div>\n\t\t\t\t<\/div>\n\t\t\t\t\t<\/div>\n\t\t<\/div>\n\t\t\t\t\t<\/div>\n\t\t<\/section>\n\t\t\t\t<\/div>\n\t\t","protected":false},"excerpt":{"rendered":"<p>Qui sommes nous Bienvenue au G\u00eete La vall\u00e9e enneige\u00e9 Nich\u00e9 au c\u0153ur des majestueuses montagnes, le G\u00eete La Vall\u00e9e enneig\u00e9e vous offre une retraite paisible et revitalisante au milieu d&rsquo;une nature \u00e9poustouflante. Depuis notre ouverture en 2018, nous nous sommes engag\u00e9s \u00e0 offrir \u00e0 nos h\u00f4tes une exp\u00e9rience de s\u00e9jour inoubliable, o\u00f9 le confort, la [&hellip;]<\/p>\n","protected":false},"author":1,"featured_media":0,"parent":0,"menu_order":0,"comment_status":"closed","ping_status":"closed","template":"","meta":{"site-sidebar-layout":"no-sidebar","site-content-layout":"page-builder","ast-site-content-layout":"full-width-container","site-content-style":"unboxed","site-sidebar-style":"unboxed","ast-global-header-display":"","ast-banner-title-visibility":"","ast-main-header-display":"","ast-hfb-above-header-display":"","ast-hfb-below-header-display":"","ast-hfb-mobile-header-display":"","site-post-title":"disabled","ast-breadcrumbs-content":"","ast-featured-img":"disabled","footer-sml-layout":"","theme-transparent-header-meta":"enabled","adv-header-id-meta":"","stick-header-meta":"","header-above-stick-meta":"","header-main-stick-meta":"","header-below-stick-meta":"","astra-migrate-meta-layouts":"set","ast-page-background-enabled":"default","ast-page-background-meta":{"desktop":{"background-color":"","background-image":"","background-repeat":"repeat","background-position":"center center","background-size":"auto","background-attachment":"scroll","background-type":"","background-media":"","overlay-type":"","overlay-color":"","overlay-opacity":"","overlay-gradient":""},"tablet":{"background-color":"","background-image":"","background-repeat":"repeat","background-position":"center center","background-size":"auto","background-attachment":"scroll","background-type":"","background-media":"","overlay-type":"","overlay-color":"","overlay-opacity":"","overlay-gradient":""},"mobile":{"background-color":"","background-image":"","background-repeat":"repeat","background-position":"center center","background-size":"auto","background-attachment":"scroll","background-type":"","background-media":"","overlay-type":"","overlay-color":"","overlay-opacity":"","overlay-gradient":""}},"ast-content-background-meta":{"desktop":{"background-color":"var(--ast-global-color-5)","background-image":"","background-repeat":"repeat","background-position":"center center","background-size":"auto","background-attachment":"scroll","background-type":"","background-media":"","overlay-type":"","overlay-color":"","overlay-opacity":"","overlay-gradient":""},"tablet":{"background-color":"var(--ast-global-color-5)","background-image":"","background-repeat":"repeat","background-position":"center center","background-size":"auto","background-attachment":"scroll","background-type":"","background-media":"","overlay-type":"","overlay-color":"","overlay-opacity":"","overlay-gradient":""},"mobile":{"background-color":"var(--ast-global-color-5)","background-image":"","background-repeat":"repeat","background-position":"center center","background-size":"auto","background-attachment":"scroll","background-type":"","background-media":"","overlay-type":"","overlay-color":"","overlay-opacity":"","overlay-gradient":""}},"footnotes":""},"class_list":["post-541","page","type-page","status-publish","hentry"],"_links":{"self":[{"href":"https:\/\/demo4.frederic-marchand.com\/admin4103\/wp-json\/wp\/v2\/pages\/541","targetHints":{"allow":["GET"]}}],"collection":[{"href":"https:\/\/demo4.frederic-marchand.com\/admin4103\/wp-json\/wp\/v2\/pages"}],"about":[{"href":"https:\/\/demo4.frederic-marchand.com\/admin4103\/wp-json\/wp\/v2\/types\/page"}],"author":[{"embeddable":true,"href":"https:\/\/demo4.frederic-marchand.com\/admin4103\/wp-json\/wp\/v2\/users\/1"}],"replies":[{"embeddable":true,"href":"https:\/\/demo4.frederic-marchand.com\/admin4103\/wp-json\/wp\/v2\/comments?post=541"}],"version-history":[{"count":1,"href":"https:\/\/demo4.frederic-marchand.com\/admin4103\/wp-json\/wp\/v2\/pages\/541\/revisions"}],"predecessor-version":[{"id":657,"href":"https:\/\/demo4.frederic-marchand.com\/admin4103\/wp-json\/wp\/v2\/pages\/541\/revisions\/657"}],"wp:attachment":[{"href":"https:\/\/demo4.frederic-marchand.com\/admin4103\/wp-json\/wp\/v2\/media?parent=541"}],"curies":[{"name":"wp","href":"https:\/\/api.w.org\/{rel}","templated":true}]}}