{"id":540,"date":"2018-11-27T09:16:54","date_gmt":"2018-11-27T09:16:54","guid":{"rendered":"https:\/\/demo4.frederic-marchand.com\/admin4103\/home\/"},"modified":"2024-07-10T12:32:35","modified_gmt":"2024-07-10T10:32:35","slug":"home","status":"publish","type":"page","link":"https:\/\/demo4.frederic-marchand.com\/admin4103\/","title":{"rendered":"Home"},"content":{"rendered":"\t\t<div data-elementor-type=\"wp-page\" data-elementor-id=\"540\" class=\"elementor elementor-540\">\n\t\t\t\t\t\t<section class=\"elementor-section elementor-top-section elementor-element elementor-element-c50838b elementor-section-boxed elementor-section-height-default elementor-section-height-default\" data-id=\"c50838b\" data-element_type=\"section\" data-settings=\"{&quot;background_background&quot;:&quot;classic&quot;}\">\n\t\t\t\t\t\t\t<div class=\"elementor-background-overlay\"><\/div>\n\t\t\t\t\t\t\t<div class=\"elementor-container elementor-column-gap-default\">\n\t\t\t\t\t<div class=\"elementor-column elementor-col-100 elementor-top-column elementor-element elementor-element-55b0429\" data-id=\"55b0429\" data-element_type=\"column\">\n\t\t\t<div class=\"elementor-widget-wrap elementor-element-populated\">\n\t\t\t\t\t\t<div class=\"elementor-element elementor-element-3428592 elementor-widget elementor-widget-heading\" data-id=\"3428592\" data-element_type=\"widget\" data-widget_type=\"heading.default\">\n\t\t\t\t<div class=\"elementor-widget-container\">\n\t\t\t\t\t<h3 class=\"elementor-heading-title elementor-size-default\">explorez un monde color\u00e9<\/h3>\t\t\t\t<\/div>\n\t\t\t\t<\/div>\n\t\t\t\t<div class=\"elementor-element elementor-element-92570e2 elementor-widget-divider--view-line elementor-widget elementor-widget-divider\" data-id=\"92570e2\" data-element_type=\"widget\" data-widget_type=\"divider.default\">\n\t\t\t\t<div class=\"elementor-widget-container\">\n\t\t\t\t\t\t\t<div class=\"elementor-divider\">\n\t\t\t<span class=\"elementor-divider-separator\">\n\t\t\t\t\t\t<\/span>\n\t\t<\/div>\n\t\t\t\t\t\t<\/div>\n\t\t\t\t<\/div>\n\t\t\t\t<div class=\"elementor-element elementor-element-453e782 elementor-widget elementor-widget-heading\" data-id=\"453e782\" data-element_type=\"widget\" data-widget_type=\"heading.default\">\n\t\t\t\t<div class=\"elementor-widget-container\">\n\t\t\t\t\t<h1 class=\"elementor-heading-title elementor-size-default\">un merveileux panorama<\/h1>\t\t\t\t<\/div>\n\t\t\t\t<\/div>\n\t\t\t\t\t<\/div>\n\t\t<\/div>\n\t\t\t\t\t<\/div>\n\t\t<\/section>\n\t\t\t\t<section class=\"elementor-section elementor-top-section elementor-element elementor-element-5c31627 elementor-section-boxed elementor-section-height-default elementor-section-height-default\" data-id=\"5c31627\" data-element_type=\"section\" data-settings=\"{&quot;background_background&quot;:&quot;classic&quot;}\">\n\t\t\t\t\t\t<div class=\"elementor-container elementor-column-gap-default\">\n\t\t\t\t\t<div class=\"elementor-column elementor-col-50 elementor-top-column elementor-element elementor-element-32f335d\" data-id=\"32f335d\" data-element_type=\"column\">\n\t\t\t<div class=\"elementor-widget-wrap elementor-element-populated\">\n\t\t\t\t\t\t<div class=\"elementor-element elementor-element-afcd584 elementor-widget elementor-widget-image\" data-id=\"afcd584\" data-element_type=\"widget\" data-widget_type=\"image.default\">\n\t\t\t\t<div class=\"elementor-widget-container\">\n\t\t\t\t\t\t\t\t\t\t\t\t\t\t\t<img decoding=\"async\" width=\"200\" height=\"154\" src=\"https:\/\/demo4.frederic-marchand.com\/admin4103\/wp-content\/uploads\/2018\/11\/quote-1.png\" class=\"attachment-full size-full wp-image-132\" alt=\"\" \/>\t\t\t\t\t\t\t\t\t\t\t\t\t\t\t<\/div>\n\t\t\t\t<\/div>\n\t\t\t\t\t<\/div>\n\t\t<\/div>\n\t\t\t\t<div class=\"elementor-column elementor-col-50 elementor-top-column elementor-element elementor-element-a107e3a\" data-id=\"a107e3a\" data-element_type=\"column\" data-settings=\"{&quot;background_background&quot;:&quot;classic&quot;}\">\n\t\t\t<div class=\"elementor-widget-wrap elementor-element-populated\">\n\t\t\t\t\t<div class=\"elementor-background-overlay\"><\/div>\n\t\t\t\t\t\t<div class=\"elementor-element elementor-element-cb5a798 elementor-widget__width-initial elementor-widget elementor-widget-testimonial\" data-id=\"cb5a798\" data-element_type=\"widget\" data-widget_type=\"testimonial.default\">\n\t\t\t\t<div class=\"elementor-widget-container\">\n\t\t\t\t\t\t\t<div class=\"elementor-testimonial-wrapper\">\n\t\t\t\t\t\t\t<div class=\"elementor-testimonial-content\">\"Bienvenue dans nos g\u00eetes ! Nous sommes ravis de vous accueillir dans notre petit coin de paradis, situ\u00e9 au c\u0153ur d'une nature pr\u00e9serv\u00e9e. Nos g\u00eetes, confortables et chaleureux, ont \u00e9t\u00e9 am\u00e9nag\u00e9s avec soin pour vous offrir un s\u00e9jour paisible et ressour\u00e7ant.\n\nQue vous veniez en famille, en couple ou entre amis, vous trouverez ici tout ce dont vous avez besoin pour passer des vacances inoubliables : des \u00e9quipements de qualit\u00e9, un environnement enchanteur et une ambiance conviviale.\n\nProfitez de votre s\u00e9jour pour d\u00e9couvrir notre belle r\u00e9gion, ses paysages vari\u00e9s, ses traditions culinaires et culturelles. Nous sommes \u00e0 votre disposition pour vous conseiller et vous aider \u00e0 organiser votre s\u00e9jour selon vos envies.\n\nNous esp\u00e9rons que vous passerez un agr\u00e9able s\u00e9jour parmi nous et que vous repartirez avec de merveilleux souvenirs plein la t\u00eate. Bonnes vacances dans nos g\u00eetes !\"<\/div>\n\t\t\t\n\t\t\t\t\t<\/div>\n\t\t\t\t\t\t<\/div>\n\t\t\t\t<\/div>\n\t\t\t\t\t<\/div>\n\t\t<\/div>\n\t\t\t\t\t<\/div>\n\t\t<\/section>\n\t\t\t\t<section class=\"elementor-section elementor-top-section elementor-element elementor-element-01ffef0 elementor-section-boxed elementor-section-height-default elementor-section-height-default\" data-id=\"01ffef0\" data-element_type=\"section\">\n\t\t\t\t\t\t<div class=\"elementor-container elementor-column-gap-default\">\n\t\t\t\t\t<div class=\"elementor-column elementor-col-100 elementor-top-column elementor-element elementor-element-0aa0836\" data-id=\"0aa0836\" data-element_type=\"column\">\n\t\t\t<div class=\"elementor-widget-wrap elementor-element-populated\">\n\t\t\t\t\t\t<div class=\"elementor-element elementor-element-e5e7443 elementor-widget elementor-widget-heading\" data-id=\"e5e7443\" data-element_type=\"widget\" data-widget_type=\"heading.default\">\n\t\t\t\t<div class=\"elementor-widget-container\">\n\t\t\t\t\t<h2 class=\"elementor-heading-title elementor-size-default\">ACTIVITES<\/h2>\t\t\t\t<\/div>\n\t\t\t\t<\/div>\n\t\t\t\t<div class=\"elementor-element elementor-element-151b4b0 elementor-widget-divider--view-line elementor-widget elementor-widget-divider\" data-id=\"151b4b0\" data-element_type=\"widget\" data-widget_type=\"divider.default\">\n\t\t\t\t<div class=\"elementor-widget-container\">\n\t\t\t\t\t\t\t<div class=\"elementor-divider\">\n\t\t\t<span class=\"elementor-divider-separator\">\n\t\t\t\t\t\t<\/span>\n\t\t<\/div>\n\t\t\t\t\t\t<\/div>\n\t\t\t\t<\/div>\n\t\t\t\t<section class=\"elementor-section elementor-inner-section elementor-element elementor-element-5415cda elementor-section-boxed elementor-section-height-default elementor-section-height-default\" data-id=\"5415cda\" data-element_type=\"section\">\n\t\t\t\t\t\t<div class=\"elementor-container elementor-column-gap-default\">\n\t\t\t\t\t<div class=\"elementor-column elementor-col-50 elementor-inner-column elementor-element elementor-element-2c614c4\" data-id=\"2c614c4\" data-element_type=\"column\">\n\t\t\t<div class=\"elementor-widget-wrap elementor-element-populated\">\n\t\t\t\t\t\t<div class=\"elementor-element elementor-element-a15c162 elementor-widget elementor-widget-image\" data-id=\"a15c162\" data-element_type=\"widget\" data-widget_type=\"image.default\">\n\t\t\t\t<div class=\"elementor-widget-container\">\n\t\t\t\t\t\t\t\t\t\t\t\t\t\t\t<img fetchpriority=\"high\" decoding=\"async\" width=\"644\" height=\"402\" src=\"https:\/\/demo4.frederic-marchand.com\/admin4103\/wp-content\/uploads\/2018\/11\/services-2.jpg\" class=\"attachment-medium_large size-medium_large wp-image-94\" alt=\"\" srcset=\"https:\/\/demo4.frederic-marchand.com\/admin4103\/wp-content\/uploads\/2018\/11\/services-2.jpg 644w, https:\/\/demo4.frederic-marchand.com\/admin4103\/wp-content\/uploads\/2018\/11\/services-2-300x187.jpg 300w\" sizes=\"(max-width: 644px) 100vw, 644px\" \/>\t\t\t\t\t\t\t\t\t\t\t\t\t\t\t<\/div>\n\t\t\t\t<\/div>\n\t\t\t\t<div class=\"elementor-element elementor-element-ba141ea elementor-widget elementor-widget-image-box\" data-id=\"ba141ea\" data-element_type=\"widget\" data-widget_type=\"image-box.default\">\n\t\t\t\t<div class=\"elementor-widget-container\">\n\t\t\t\t\t<div class=\"elementor-image-box-wrapper\"><div class=\"elementor-image-box-content\"><h5 class=\"elementor-image-box-title\">Paysage <\/h5><p class=\"elementor-image-box-description\">Le paysage de montagnes est sans aucun doute l'un des plus majestueux et inspirants que la nature puisse offrir. Avec ses pics ac\u00e9r\u00e9s qui percent le ciel, ses vall\u00e9es verdoyantes et ses ruisseaux cristallins qui serpentent \u00e0 travers les rochers, le paysage de montagnes est une v\u00e9ritable symphonie visuelle.\nLa beaut\u00e9 d'un paysage de montagnes est donc une invitation \u00e0 l'\u00e9merveillement et \u00e0 l'aventure.<\/p><\/div><\/div>\t\t\t\t<\/div>\n\t\t\t\t<\/div>\n\t\t\t\t\t<\/div>\n\t\t<\/div>\n\t\t\t\t<div class=\"elementor-column elementor-col-50 elementor-inner-column elementor-element elementor-element-1aaf044\" data-id=\"1aaf044\" data-element_type=\"column\">\n\t\t\t<div class=\"elementor-widget-wrap elementor-element-populated\">\n\t\t\t\t\t\t<div class=\"elementor-element elementor-element-0cc4d06 elementor-widget elementor-widget-image\" data-id=\"0cc4d06\" data-element_type=\"widget\" data-widget_type=\"image.default\">\n\t\t\t\t<div class=\"elementor-widget-container\">\n\t\t\t\t\t\t\t\t\t\t\t\t\t\t\t<img decoding=\"async\" src=\"https:\/\/demo4.frederic-marchand.com\/admin4103\/wp-content\/uploads\/elementor\/thumbs\/photo-gitesentier-montagne-scaled-q5k036jqkl2s2yoj8jre0zxe0up92m45n8mgyr0hlk.jpg\" title=\"photo gitesentier montagne\" alt=\"photo gitesentier montagne\" loading=\"lazy\" \/>\t\t\t\t\t\t\t\t\t\t\t\t\t\t\t<\/div>\n\t\t\t\t<\/div>\n\t\t\t\t<div class=\"elementor-element elementor-element-7c7a6b0 elementor-widget elementor-widget-image-box\" data-id=\"7c7a6b0\" data-element_type=\"widget\" data-widget_type=\"image-box.default\">\n\t\t\t\t<div class=\"elementor-widget-container\">\n\t\t\t\t\t<div class=\"elementor-image-box-wrapper\"><div class=\"elementor-image-box-content\"><h5 class=\"elementor-image-box-title\">Randonn\u00e9e<\/h5><p class=\"elementor-image-box-description\">La randonn\u00e9e en montagne est l'une des activit\u00e9s les plus gratifiantes que l'on puisse pratiquer en plein air. Elle permet de d\u00e9couvrir des paysages \u00e9poustouflants, de se connecter \u00e0 la nature et de se ressourcer dans un environnement paisible.\nLes chemins escarp\u00e9s et les sentiers rocailleux peuvent \u00eatre difficiles \u00e0 parcourir, mais le sentiment de satisfaction que l'on \u00e9prouve lorsqu'on atteint le sommet est inestimable.<\/p><\/div><\/div>\t\t\t\t<\/div>\n\t\t\t\t<\/div>\n\t\t\t\t\t<\/div>\n\t\t<\/div>\n\t\t\t\t\t<\/div>\n\t\t<\/section>\n\t\t\t\t\t<\/div>\n\t\t<\/div>\n\t\t\t\t\t<\/div>\n\t\t<\/section>\n\t\t\t\t<section class=\"elementor-section elementor-top-section elementor-element elementor-element-51af88c elementor-section-boxed elementor-section-height-default elementor-section-height-default\" data-id=\"51af88c\" data-element_type=\"section\" data-settings=\"{&quot;background_background&quot;:&quot;classic&quot;}\">\n\t\t\t\t\t\t\t<div class=\"elementor-background-overlay\"><\/div>\n\t\t\t\t\t\t\t<div class=\"elementor-container elementor-column-gap-default\">\n\t\t\t\t\t<div class=\"elementor-column elementor-col-100 elementor-top-column elementor-element elementor-element-a9a69dd\" data-id=\"a9a69dd\" data-element_type=\"column\">\n\t\t\t<div class=\"elementor-widget-wrap elementor-element-populated\">\n\t\t\t\t\t\t<div class=\"elementor-element elementor-element-903dcf2 elementor-widget elementor-widget-heading\" data-id=\"903dcf2\" data-element_type=\"widget\" data-widget_type=\"heading.default\">\n\t\t\t\t<div class=\"elementor-widget-container\">\n\t\t\t\t\t<h2 class=\"elementor-heading-title elementor-size-default\">Explorez le monde<\/h2>\t\t\t\t<\/div>\n\t\t\t\t<\/div>\n\t\t\t\t<div class=\"elementor-element elementor-element-1694eb3 elementor-widget-divider--view-line elementor-widget elementor-widget-divider\" data-id=\"1694eb3\" data-element_type=\"widget\" data-widget_type=\"divider.default\">\n\t\t\t\t<div class=\"elementor-widget-container\">\n\t\t\t\t\t\t\t<div class=\"elementor-divider\">\n\t\t\t<span class=\"elementor-divider-separator\">\n\t\t\t\t\t\t<\/span>\n\t\t<\/div>\n\t\t\t\t\t\t<\/div>\n\t\t\t\t<\/div>\n\t\t\t\t<div class=\"elementor-element elementor-element-c07d6ad elementor-widget elementor-widget-text-editor\" data-id=\"c07d6ad\" data-element_type=\"widget\" data-widget_type=\"text-editor.default\">\n\t\t\t\t<div class=\"elementor-widget-container\">\n\t\t\t\t\t\t\t\t\t<p>\u00a0C&rsquo;est une invitation \u00e0 la d\u00e9couverte et \u00e0 l&rsquo;aventure. Nous croyons que voyager, c&rsquo;est \u00e9largir ses horizons, d\u00e9couvrir de nouvelles cultures, des paysages \u00e0 couper le souffle, des saveurs in\u00e9dites, des rencontres surprenantes et des exp\u00e9riences uniques.<\/p><p>Que vous soyez un globe-trotteur aguerri ou un voyageur novice, vous trouverez ici de quoi nourrir votre curiosit\u00e9 et votre soif d&rsquo;aventure.<\/p><p>Alors n&rsquo;h\u00e9sitez plus, sortez des sentiers battus et partez explorer le monde ! Nous sommes convaincus que vous en reviendrez transform\u00e9 et enrichi.\u00a0\u00bb<\/p>\t\t\t\t\t\t\t\t<\/div>\n\t\t\t\t<\/div>\n\t\t\t\t\t<\/div>\n\t\t<\/div>\n\t\t\t\t\t<\/div>\n\t\t<\/section>\n\t\t\t\t<section class=\"elementor-section elementor-top-section elementor-element elementor-element-c604d49 elementor-section-boxed elementor-section-height-default elementor-section-height-default\" data-id=\"c604d49\" data-element_type=\"section\">\n\t\t\t\t\t\t<div class=\"elementor-container elementor-column-gap-default\">\n\t\t\t\t\t<div class=\"elementor-column elementor-col-33 elementor-top-column elementor-element elementor-element-db54639\" data-id=\"db54639\" data-element_type=\"column\">\n\t\t\t<div class=\"elementor-widget-wrap elementor-element-populated\">\n\t\t\t\t\t\t<div class=\"elementor-element elementor-element-fb8d721 elementor-widget elementor-widget-heading\" data-id=\"fb8d721\" data-element_type=\"widget\" data-widget_type=\"heading.default\">\n\t\t\t\t<div class=\"elementor-widget-container\">\n\t\t\t\t\t<h2 class=\"elementor-heading-title elementor-size-default\">SPORT D'HIVER\n<\/h2>\t\t\t\t<\/div>\n\t\t\t\t<\/div>\n\t\t\t\t<div class=\"elementor-element elementor-element-a271134 elementor-widget-divider--view-line elementor-widget elementor-widget-divider\" data-id=\"a271134\" data-element_type=\"widget\" data-widget_type=\"divider.default\">\n\t\t\t\t<div class=\"elementor-widget-container\">\n\t\t\t\t\t\t\t<div class=\"elementor-divider\">\n\t\t\t<span class=\"elementor-divider-separator\">\n\t\t\t\t\t\t<\/span>\n\t\t<\/div>\n\t\t\t\t\t\t<\/div>\n\t\t\t\t<\/div>\n\t\t\t\t<div class=\"elementor-element elementor-element-38df08c elementor-widget elementor-widget-text-editor\" data-id=\"38df08c\" data-element_type=\"widget\" data-widget_type=\"text-editor.default\">\n\t\t\t\t<div class=\"elementor-widget-container\">\n\t\t\t\t\t\t\t\t\t<p>Les activit\u00e9s de montagne les plus pratiqu\u00e9es sont l&rsquo;escalade, l&rsquo;alpinisme, le ski, le snowboard, la randonn\u00e9e et le parapente.<\/p><p>Le sport de montagne est \u00e9galement un moyen de se d\u00e9passer et de se ressourcer dans un environnement naturel exceptionnel. Il permet de s&rsquo;immerger dans la beaut\u00e9 brute et sauvage des montagnes et de se reconnecter avec soi-m\u00eame et avec la nature. Les sportifs de montagne doivent faire preuve de courage, de pers\u00e9v\u00e9rance et de respect de l&rsquo;environnement pour pratiquer leur passion dans les meilleures conditions.<\/p><p>Il permet de se confronter \u00e0 soi-m\u00eame, de se surpasser et de vivre des moments intenses en pleine nature. C&rsquo;est une exp\u00e9rience inoubliable qui laisse des souvenirs imp\u00e9rissables et qui incite \u00e0 repousser toujours plus loin ses limites.<\/p>\t\t\t\t\t\t\t\t<\/div>\n\t\t\t\t<\/div>\n\t\t\t\t\t<\/div>\n\t\t<\/div>\n\t\t\t\t<div class=\"elementor-column elementor-col-33 elementor-top-column elementor-element elementor-element-0e0426c\" data-id=\"0e0426c\" data-element_type=\"column\">\n\t\t\t<div class=\"elementor-widget-wrap elementor-element-populated\">\n\t\t\t\t\t\t<div class=\"elementor-element elementor-element-8d7aa89 elementor-widget elementor-widget-image\" data-id=\"8d7aa89\" data-element_type=\"widget\" data-widget_type=\"image.default\">\n\t\t\t\t<div class=\"elementor-widget-container\">\n\t\t\t\t\t\t\t\t\t\t\t\t\t\t\t<img decoding=\"async\" width=\"644\" height=\"402\" src=\"https:\/\/demo4.frederic-marchand.com\/admin4103\/wp-content\/uploads\/2021\/02\/outdoor-image-03.jpg\" class=\"attachment-large size-large wp-image-539\" alt=\"\" srcset=\"https:\/\/demo4.frederic-marchand.com\/admin4103\/wp-content\/uploads\/2021\/02\/outdoor-image-03.jpg 644w, https:\/\/demo4.frederic-marchand.com\/admin4103\/wp-content\/uploads\/2021\/02\/outdoor-image-03-300x187.jpg 300w\" sizes=\"(max-width: 644px) 100vw, 644px\" \/>\t\t\t\t\t\t\t\t\t\t\t\t\t\t\t<\/div>\n\t\t\t\t<\/div>\n\t\t\t\t<div class=\"elementor-element elementor-element-b7c6863 elementor-widget elementor-widget-image\" data-id=\"b7c6863\" data-element_type=\"widget\" data-widget_type=\"image.default\">\n\t\t\t\t<div class=\"elementor-widget-container\">\n\t\t\t\t\t\t\t\t\t\t\t\t\t\t\t<img decoding=\"async\" src=\"https:\/\/demo4.frederic-marchand.com\/admin4103\/wp-content\/uploads\/elementor\/thumbs\/outdoor-image-04-q5jtrg7e5nxqow63ptqkfrgn6hlw97y19xky1xa1c4.jpg\" title=\"outdoor-image-04\" alt=\"outdoor-image-04\" loading=\"lazy\" \/>\t\t\t\t\t\t\t\t\t\t\t\t\t\t\t<\/div>\n\t\t\t\t<\/div>\n\t\t\t\t<div class=\"elementor-element elementor-element-19ccc88 elementor-widget elementor-widget-image\" data-id=\"19ccc88\" data-element_type=\"widget\" data-widget_type=\"image.default\">\n\t\t\t\t<div class=\"elementor-widget-container\">\n\t\t\t\t\t\t\t\t\t\t\t\t\t\t\t<img loading=\"lazy\" decoding=\"async\" width=\"295\" height=\"300\" src=\"https:\/\/demo4.frederic-marchand.com\/admin4103\/wp-content\/uploads\/2018\/11\/image-1-295x300.jpg\" class=\"attachment-medium size-medium wp-image-228\" alt=\"\" srcset=\"https:\/\/demo4.frederic-marchand.com\/admin4103\/wp-content\/uploads\/2018\/11\/image-1-295x300.jpg 295w, https:\/\/demo4.frederic-marchand.com\/admin4103\/wp-content\/uploads\/2018\/11\/image-1.jpg 378w\" sizes=\"(max-width: 295px) 100vw, 295px\" \/>\t\t\t\t\t\t\t\t\t\t\t\t\t\t\t<\/div>\n\t\t\t\t<\/div>\n\t\t\t\t\t<\/div>\n\t\t<\/div>\n\t\t\t\t<div class=\"elementor-column elementor-col-33 elementor-top-column elementor-element elementor-element-3b90556\" data-id=\"3b90556\" data-element_type=\"column\">\n\t\t\t<div class=\"elementor-widget-wrap elementor-element-populated\">\n\t\t\t\t\t\t<div class=\"elementor-element elementor-element-dc7d86f elementor-widget elementor-widget-image\" data-id=\"dc7d86f\" data-element_type=\"widget\" data-widget_type=\"image.default\">\n\t\t\t\t<div class=\"elementor-widget-container\">\n\t\t\t\t\t\t\t\t\t\t\t\t\t\t\t<img loading=\"lazy\" decoding=\"async\" width=\"500\" height=\"540\" src=\"https:\/\/demo4.frederic-marchand.com\/admin4103\/wp-content\/uploads\/2018\/11\/winter-sports-02.jpg\" class=\"attachment-full size-full wp-image-186\" alt=\"\" srcset=\"https:\/\/demo4.frederic-marchand.com\/admin4103\/wp-content\/uploads\/2018\/11\/winter-sports-02.jpg 500w, https:\/\/demo4.frederic-marchand.com\/admin4103\/wp-content\/uploads\/2018\/11\/winter-sports-02-278x300.jpg 278w\" sizes=\"(max-width: 500px) 100vw, 500px\" \/>\t\t\t\t\t\t\t\t\t\t\t\t\t\t\t<\/div>\n\t\t\t\t<\/div>\n\t\t\t\t<div class=\"elementor-element elementor-element-50649d3 elementor-widget elementor-widget-image\" data-id=\"50649d3\" data-element_type=\"widget\" data-widget_type=\"image.default\">\n\t\t\t\t<div class=\"elementor-widget-container\">\n\t\t\t\t\t\t\t\t\t\t\t\t\t\t\t<img loading=\"lazy\" decoding=\"async\" width=\"295\" height=\"300\" src=\"https:\/\/demo4.frederic-marchand.com\/admin4103\/wp-content\/uploads\/2018\/11\/image-1-295x300.jpg\" class=\"attachment-medium size-medium wp-image-228\" alt=\"\" srcset=\"https:\/\/demo4.frederic-marchand.com\/admin4103\/wp-content\/uploads\/2018\/11\/image-1-295x300.jpg 295w, https:\/\/demo4.frederic-marchand.com\/admin4103\/wp-content\/uploads\/2018\/11\/image-1.jpg 378w\" sizes=\"(max-width: 295px) 100vw, 295px\" \/>\t\t\t\t\t\t\t\t\t\t\t\t\t\t\t<\/div>\n\t\t\t\t<\/div>\n\t\t\t\t\t<\/div>\n\t\t<\/div>\n\t\t\t\t\t<\/div>\n\t\t<\/section>\n\t\t\t\t<\/div>\n\t\t","protected":false},"excerpt":{"rendered":"<p>explorez un monde color\u00e9 un merveileux panorama \u00ab\u00a0Bienvenue dans nos g\u00eetes ! Nous sommes ravis de vous accueillir dans notre petit coin de paradis, situ\u00e9 au c\u0153ur d&rsquo;une nature pr\u00e9serv\u00e9e. Nos g\u00eetes, confortables et chaleureux, ont \u00e9t\u00e9 am\u00e9nag\u00e9s avec soin pour vous offrir un s\u00e9jour paisible et ressour\u00e7ant. Que vous veniez en famille, en couple [&hellip;]<\/p>\n","protected":false},"author":1,"featured_media":0,"parent":0,"menu_order":0,"comment_status":"closed","ping_status":"closed","template":"","meta":{"site-sidebar-layout":"no-sidebar","site-content-layout":"page-builder","ast-site-content-layout":"","site-content-style":"default","site-sidebar-style":"default","ast-global-header-display":"","ast-banner-title-visibility":"","ast-main-header-display":"","ast-hfb-above-header-display":"","ast-hfb-below-header-display":"","ast-hfb-mobile-header-display":"","site-post-title":"disabled","ast-breadcrumbs-content":"","ast-featured-img":"disabled","footer-sml-layout":"","theme-transparent-header-meta":"enabled","adv-header-id-meta":"","stick-header-meta":"","header-above-stick-meta":"","header-main-stick-meta":"","header-below-stick-meta":"","astra-migrate-meta-layouts":"default","ast-page-background-enabled":"default","ast-page-background-meta":{"desktop":{"background-color":"","background-image":"","background-repeat":"repeat","background-position":"center center","background-size":"auto","background-attachment":"scroll","background-type":"","background-media":"","overlay-type":"","overlay-color":"","overlay-opacity":"","overlay-gradient":""},"tablet":{"background-color":"","background-image":"","background-repeat":"repeat","background-position":"center center","background-size":"auto","background-attachment":"scroll","background-type":"","background-media":"","overlay-type":"","overlay-color":"","overlay-opacity":"","overlay-gradient":""},"mobile":{"background-color":"","background-image":"","background-repeat":"repeat","background-position":"center center","background-size":"auto","background-attachment":"scroll","background-type":"","background-media":"","overlay-type":"","overlay-color":"","overlay-opacity":"","overlay-gradient":""}},"ast-content-background-meta":{"desktop":{"background-color":"var(--ast-global-color-5)","background-image":"","background-repeat":"repeat","background-position":"center center","background-size":"auto","background-attachment":"scroll","background-type":"","background-media":"","overlay-type":"","overlay-color":"","overlay-opacity":"","overlay-gradient":""},"tablet":{"background-color":"var(--ast-global-color-5)","background-image":"","background-repeat":"repeat","background-position":"center center","background-size":"auto","background-attachment":"scroll","background-type":"","background-media":"","overlay-type":"","overlay-color":"","overlay-opacity":"","overlay-gradient":""},"mobile":{"background-color":"var(--ast-global-color-5)","background-image":"","background-repeat":"repeat","background-position":"center center","background-size":"auto","background-attachment":"scroll","background-type":"","background-media":"","overlay-type":"","overlay-color":"","overlay-opacity":"","overlay-gradient":""}},"footnotes":""},"class_list":["post-540","page","type-page","status-publish","hentry"],"_links":{"self":[{"href":"https:\/\/demo4.frederic-marchand.com\/admin4103\/wp-json\/wp\/v2\/pages\/540","targetHints":{"allow":["GET"]}}],"collection":[{"href":"https:\/\/demo4.frederic-marchand.com\/admin4103\/wp-json\/wp\/v2\/pages"}],"about":[{"href":"https:\/\/demo4.frederic-marchand.com\/admin4103\/wp-json\/wp\/v2\/types\/page"}],"author":[{"embeddable":true,"href":"https:\/\/demo4.frederic-marchand.com\/admin4103\/wp-json\/wp\/v2\/users\/1"}],"replies":[{"embeddable":true,"href":"https:\/\/demo4.frederic-marchand.com\/admin4103\/wp-json\/wp\/v2\/comments?post=540"}],"version-history":[{"count":6,"href":"https:\/\/demo4.frederic-marchand.com\/admin4103\/wp-json\/wp\/v2\/pages\/540\/revisions"}],"predecessor-version":[{"id":635,"href":"https:\/\/demo4.frederic-marchand.com\/admin4103\/wp-json\/wp\/v2\/pages\/540\/revisions\/635"}],"wp:attachment":[{"href":"https:\/\/demo4.frederic-marchand.com\/admin4103\/wp-json\/wp\/v2\/media?parent=540"}],"curies":[{"name":"wp","href":"https:\/\/api.w.org\/{rel}","templated":true}]}}